{"id":54,"date":"2020-04-10T13:02:26","date_gmt":"2020-04-10T13:02:26","guid":{"rendered":"http:\/\/christianullmann.de\/?page_id=54"},"modified":"2020-04-10T17:19:16","modified_gmt":"2020-04-10T17:19:16","slug":"bedienung-haftkamera","status":"publish","type":"page","link":"https:\/\/christianullmann.de\/?page_id=54","title":{"rendered":"Bedienung Haftkamera"},"content":{"rendered":"\n<p>Die Haftkamera ist eine Kamera, die einem zuvor selektierten Objekt folgt wenn sich dieses bewegt. Es gibt die M\u00f6glichket, das Objekt anzustupsen, d.h. eine Kraft von rechts oder links auf das Objekt aufzubringen. Die Haftkamera wurde f\u00fcr Kugelbahnen kreiert, l\u00e4sst sich aber auch f\u00fcr andere Objekte verwenden. Man kann die Kamera auch um das Objekt drehen und somit Kr\u00e4fte in beliebige Richtungen aufbringen und das Objekt damit bewegen und andere Objekte ansto\u00dfen.<\/p>\n\n\n\n<p>Es gibt einen kleinen Knopf mit dem Kamerasymbol im 2D-Mode des Baumodus rechts unter dem Knopf &#8222;Men\u00fc freigeben&#8220;. Dar\u00fcber wird die Haftkamera eingeschaltet. Dann blendet sich das Haftkameramen\u00fc auf, \u00fcber die man sie ggf. problemlos wieder abschalten kann. Man landet dann wieder im Baumodus. Au\u00dferdem kann man die Haftkamera im Men\u00fc Kugelbahn1 einschalten wenn das Kugelbahnszenario geladen ist.<\/p>\n\n\n\n<p>Man kann die Haftkamera \u00fcber das Men\u00fc Haftkamera und\/oder \u00fcber die Pfeiltasten und ggf. die Umschalttaste bedienen. Die Bedeutung der Bedienelemente:<br>&#8211; Taste Pfeil hoch oder Button Pfeil hoch im Men\u00fc: Kamera n\u00e4her zum Objekt fahren.<br>&#8211; Taste Pfeil runter oder Button Pfeil runter im Men\u00fc: Kamera zur\u00fcckfahren.<br>&#8211; Taste Pfeil rechts oder Button Pfeil rechts: Objekt nach rechts sto\u00dfen.<br>&#8211; Taste Pfeil links oder Button Pfeil links: Objekt nach links sto\u00dfen.<br>&#8211; Umschalttaste + Taste Pfeil rechts oder Button Pfeil rechts mit roter Hinterlegung: Kamera nach rechts drehen.<br>&#8211; Umschalttaste + Taste Pfeil links oder Button Pfeil links mit roter Hinterlegung: Kamera nach links drehen.<\/p>\n\n\n\n<p>Schieberegler im Men\u00fc:<br>&#8211; 0.1 &#8230; 100: St\u00e4rke der aufgebrachten Kraft<br>&#8211; 180 &#8230; 180: Blickrichtung Kamera frei \u00e4ndern (Drehung)<br>90 &#8230; -90: Kamera frei schwenken<br>Button &#8222;Ziel fixieren&#8220;: Kamera zur\u00fcck nach vorne stellen.<br><\/p>\n","protected":false},"excerpt":{"rendered":"<p>Die Haftkamera ist eine Kamera, die einem zuvor selektierten Objekt folgt wenn sich dieses bewegt. Es gibt die M\u00f6glichket, das Objekt anzustupsen, d.h. eine Kraft von rechts oder links auf das Objekt aufzubringen. Die Haftkamera wurde f\u00fcr Kugelbahnen kreiert, l\u00e4sst sich aber auch f\u00fcr andere Objekte verwenden. Man kann die Kamera auch um das Objekt &hellip; <\/p>\n","protected":false},"author":1,"featured_media":0,"parent":20,"menu_order":100,"comment_status":"closed","ping_status":"closed","template":"","meta":[],"_links":{"self":[{"href":"https:\/\/christianullmann.de\/index.php?rest_route=\/wp\/v2\/pages\/54"}],"collection":[{"href":"https:\/\/christianullmann.de\/index.php?rest_route=\/wp\/v2\/pages"}],"about":[{"href":"https:\/\/christianullmann.de\/index.php?rest_route=\/wp\/v2\/types\/page"}],"author":[{"embeddable":true,"href":"https:\/\/christianullmann.de\/index.php?rest_route=\/wp\/v2\/users\/1"}],"replies":[{"embeddable":true,"href":"https:\/\/christianullmann.de\/index.php?rest_route=%2Fwp%2Fv2%2Fcomments&post=54"}],"version-history":[{"count":4,"href":"https:\/\/christianullmann.de\/index.php?rest_route=\/wp\/v2\/pages\/54\/revisions"}],"predecessor-version":[{"id":104,"href":"https:\/\/christianullmann.de\/index.php?rest_route=\/wp\/v2\/pages\/54\/revisions\/104"}],"up":[{"embeddable":true,"href":"https:\/\/christianullmann.de\/index.php?rest_route=\/wp\/v2\/pages\/20"}],"wp:attachment":[{"href":"https:\/\/christianullmann.de\/index.php?rest_route=%2Fwp%2Fv2%2Fmedia&parent=54"}],"curies":[{"name":"wp","href":"https:\/\/api.w.org\/{rel}","templated":true}]}}