{"id":43,"date":"2020-04-10T12:54:09","date_gmt":"2020-04-10T12:54:09","guid":{"rendered":"http:\/\/christianullmann.de\/?page_id=43"},"modified":"2020-04-13T14:07:40","modified_gmt":"2020-04-13T14:07:40","slug":"bedienung-im-flugmodus","status":"publish","type":"page","link":"https:\/\/christianullmann.de\/?page_id=43","title":{"rendered":"Bedienung im Flugmodus"},"content":{"rendered":"\n<p>Im Flugmodus fliegst Du mit dem im Standardspiel vordefinierten Flugzeug. W\u00e4hrend des <strong>Fliegens<\/strong> wird das Flugzeug immer auf die gleiche Geschwindigkeit geregelt und stabilisiert sich immer automatisch. Du kannst nach links und nach rechts drehen und\/oder aufw\u00e4rts und abw\u00e4rts fliegen. Normalerweise schaut die Kamera nach vorne aus dem Flugzeug, aber man kann die Blickrichtung \u00e4ndern.<\/p>\n\n\n\n<p>Nach der Landung kannst Du auf dem <strong>Boden<\/strong> nach links und rechts drehen, beschleunigen und abbremsen. Aber man\u00f6vriere Dich nicht in eine Ecke, Du kommst da nicht wieder heraus (ganz wie mit einem richtigen Flugzeug). Es kann nur vorw\u00e4rts fahren. Du kannst aber einfach wieder Starten.<\/p>\n\n\n\n<p>Die Men\u00fcs bedienst Du \u00fcber die Maus wie \u00fcblich.<\/p>\n\n\n\n<p>Beim <strong>Fliegen<\/strong> sind die <strong>Pfeiltasten<\/strong> folgenderma\u00dfen belegt:<br>&#8211; Pfeil links: Nach links drehen.<br>&#8211; Pfeil rechts: Nach rechts drehen.<br>&#8211; Pfeil hoch: Steuerkn\u00fcppel nach vorne, nach unten schwenken.<br>&#8211; Pfeil runter: Steuerkn\u00fcppel nach hinten, nach oben schwenken.<br>&#8211; Umschalttaste + Pfeil hoch: Kamera schaut nach vorne.<br>&#8211; Umschalttaste + Pfeil runter: Kamera schaut nach hinten (d.h. von vorne auf das Flugzeug)<br>&#8211; Umschalttaste + Pfeil rechts: Kamera schaut rechts aus dem Fenster<br>&#8211; Umschalttaste + Pfeil links: Kamera schaut links aus dem Fenster<\/p>\n\n\n\n<p>Auf dem <strong>Boden<\/strong> sind die <strong>Pfeiltasten<\/strong> folgenderma\u00dfen belegt:<br>&#8211; Pfeil links: Nach links drehen<br>&#8211; Pfeil rechts: Nach rechts drehen<br>&#8211; Pfeil hoch: Beschleunigen<br>&#8211; Pfeil runter: Abbremsen<br>Kamerasteuerung wie beim Fliegen.<br><br><strong>Sondertasten:<\/strong><br>&#8211; P: Pause, beim 2. Dr\u00fccken weiterfliegen<br>&#8211; S: Starten (das Flugzeug startet bei Spielstart automatisch)<br>&#8211; L: Landen (das Flugzeug landet automatisch). Nach Bodenkontakt muss manuell abgebremst und gesteuert werden.<br>&#8211; F1: Hilfe (Das l\u00f6st in Microsoft-Browsern leider gleichzeitig den Aufruf der Microsoft-Hilfe aus)<\/p>\n\n\n\n<p>Wird der <strong>Rand der Welt<\/strong> erreicht, fliegt das Flugzeug automatisch wieder zur\u00fcck.<\/p>\n\n\n\n<p><strong>Zeppeline:<\/strong> Im Szenariomen\u00fc von Fliegen1 k\u00f6nnen Zeppeline aktiviert werden. Wenn man gegen einen Zeppelin fliegt, verwandelt er sich in Luftballons.<\/p>\n\n\n\n<p><strong>Kollisionen:<\/strong>  Wenn man gegen etwas fliegt, gibt es eine kleine Explosion und das getroffene Objekt, z.B. ein Stein einer Mauer, f\u00e4llt ggf. zu Boden. Die schwarze Wand kann umgeschmissen werden. (Die anderen W\u00e4nde l\u00f6sen beim Durchfliegen nur einen Ton aus.) Sollten sich im Spiel andere Objekte wie z.B. H\u00e4user befinden, kann man auch dagegen fliegen und sehen was passiert.<\/p>\n\n\n\n<p><strong>R\u00fccksetzen<\/strong>: Hat man genug Chaos angerichtet ist es vielleicht sinnvoll, das Spiel zur\u00fcckzusetzen. Es ist dann wieder alles so wie nach dem Laden. Das geht allerdings nur im Szenario Fliegen1.<\/p>\n\n\n\n<p>Lust auf etwas Flugtraining? Dann solltest Du die <strong>\u00dcbungsstrecke<\/strong> nachladen.<\/p>\n\n\n\n<p>Schon alles probiert? Dann ein paar Tipps f\u00fcr<strong> Erweiterungsm\u00f6glichkeiten<\/strong>:<\/p>\n\n\n\n<p>Im Baumodus kann man relativ einfach \u00fcber das Funktionsmen\u00fc Fertigbau hohe H\u00e4user erstellen, gegen die man dann fliegen kann, und die denen man dann beim Zusammenst\u00fcrzen zuschauen kann.<\/p>\n\n\n\n<p>Man kann mit der Funktion &#8222;Laden&#8220; Batchdateien nachladen und dann \u00fcber v\u00f6llig neue Landschaften fliegen. Leider fehlt aktuell noch die Auswahlfunktion so dass immer nur die eine  Datei geladen wird, die der letzte Spieler abgespeichert hat. <\/p>\n\n\n\n<p>Was aber schon leicht geht ist eine Flugrunde in den anderen Szenarien (z.Zt. nur Eisenbahn1 und Kugelbahn1).<\/p>\n","protected":false},"excerpt":{"rendered":"<p>Im Flugmodus fliegst Du mit dem im Standardspiel vordefinierten Flugzeug. W\u00e4hrend des Fliegens wird das Flugzeug immer auf die gleiche Geschwindigkeit geregelt und stabilisiert sich immer automatisch. Du kannst nach links und nach rechts drehen und\/oder aufw\u00e4rts und abw\u00e4rts fliegen. Normalerweise schaut die Kamera nach vorne aus dem Flugzeug, aber man kann die Blickrichtung \u00e4ndern. &hellip; <\/p>\n","protected":false},"author":1,"featured_media":0,"parent":20,"menu_order":10,"comment_status":"closed","ping_status":"closed","template":"","meta":[],"_links":{"self":[{"href":"https:\/\/christianullmann.de\/index.php?rest_route=\/wp\/v2\/pages\/43"}],"collection":[{"href":"https:\/\/christianullmann.de\/index.php?rest_route=\/wp\/v2\/pages"}],"about":[{"href":"https:\/\/christianullmann.de\/index.php?rest_route=\/wp\/v2\/types\/page"}],"author":[{"embeddable":true,"href":"https:\/\/christianullmann.de\/index.php?rest_route=\/wp\/v2\/users\/1"}],"replies":[{"embeddable":true,"href":"https:\/\/christianullmann.de\/index.php?rest_route=%2Fwp%2Fv2%2Fcomments&post=43"}],"version-history":[{"count":3,"href":"https:\/\/christianullmann.de\/index.php?rest_route=\/wp\/v2\/pages\/43\/revisions"}],"predecessor-version":[{"id":108,"href":"https:\/\/christianullmann.de\/index.php?rest_route=\/wp\/v2\/pages\/43\/revisions\/108"}],"up":[{"embeddable":true,"href":"https:\/\/christianullmann.de\/index.php?rest_route=\/wp\/v2\/pages\/20"}],"wp:attachment":[{"href":"https:\/\/christianullmann.de\/index.php?rest_route=%2Fwp%2Fv2%2Fmedia&parent=43"}],"curies":[{"name":"wp","href":"https:\/\/api.w.org\/{rel}","templated":true}]}}