{"id":321,"date":"2022-06-13T17:30:22","date_gmt":"2022-06-13T17:30:22","guid":{"rendered":"https:\/\/christianullmann.de\/?page_id=321"},"modified":"2023-04-03T16:55:31","modified_gmt":"2023-04-03T16:55:31","slug":"ukraine-die-versteh-ein-anderer","status":"publish","type":"page","link":"https:\/\/christianullmann.de\/?page_id=321","title":{"rendered":"Ukraine -Die versteh ein Anderer!"},"content":{"rendered":"\n<ul>\n<li>Warum streiten sich ausgerechnet so gro\u00dfe L\u00e4nder mit so geringer Bev\u00f6lkerungsdichte wie Russland und die Ukraine um Land?<\/li>\n\n\n\n<li>Hat die Ukraine nicht nach dem 2. Weltkrieg ganz Ostpolen dazubekommen, weil Stalin das durchgesetzt hat, und dann nochmal die Krim weil ein Ukrainer das so durchgesetzt hat?<\/li>\n\n\n\n<li>Warum stellt die Ukraine immer so unsinnige und antagonistische Forderungen wie die Lieferung schwerer Waffen bei gleichzeitigem Verzicht auf russische Rohstoffe (was die Produktion verhindert)?<\/li>\n\n\n\n<li>Ist in der Ukraine nicht bekannt, dass es in ganz Westeuropa keine wesentliche Schwerindustrie mehr gibt und es somit auf absehbare Zeit auch nicht m\u00f6glich ist, schwere Waffen aus eigener Produktion zu liefern?<\/li>\n\n\n\n<li>Ist in der Ukraine nicht bekannt dass die deutsche Waffenindustrie nicht auf Durchsatz sondern Produktion von Kleinserien mit Lieferzeiten im Bereich von Jahren optimiert ist (und das schon sein 1950)?<\/li>\n\n\n\n<li>Ist in der Ukraine nicht bekannt, dass der Waffenmarkt inzwischen ein Verk\u00e4ufermarkt ist und sie daher nehmen muss, was es gibt? Muss sie massenhaft Waffenlieferungen von veralteten Waffen wie Kampfpanzern fordern?<\/li>\n\n\n\n<li>Hat die Ukraine nicht gerade selbst nachgewiesen, dass der Einsatz schwerer Waffen heute wegen der \u00dcberlegenheit der Abwehrtechnologie unsinnig ist?<\/li>\n\n\n\n<li>Kann die Ukraine nicht auf zivile Produkte wie SUV&#8217;s zur\u00fcckgreifen, f\u00fcr die es eine Massenproduktion gibt &#8211; wenn sie schon auf Masse statt Klasse setzt?<\/li>\n\n\n\n<li>Warum stellt die Ukraine Forderungen nach Waffenlieferungen an Deutschland und nicht an die Amerikaner, die eine 10 mal gr\u00f6\u00dfere Waffenindustrie haben?<\/li>\n\n\n\n<li>Ist es wirklich so schwierig die Unterschiede zwischen den Aussagen eines Verk\u00e4ufers eines Waffenlieferanten und einer Regierung zu kennen? Muss man das bei der Argumentation laufend durcheinanderwerfen? Nat\u00fcrlich versucht die Industrie erst mal zu verkaufen, auch Sachen die gar nicht anwendbar sind, und h\u00e4lt dann nachher die Lieferzeiten nicht ein.<\/li>\n\n\n\n<li>Sind die minimalen Lieferzeiten f\u00fcr neue Waffen in der Ukraine g\u00e4nzlich unbekannt? Wozu stehen z.B. Schiffe auf der kurzfristigen Anforderungsliste?<\/li>\n\n\n\n<li>Ist in der Ukraine unbekannt, dass es in der kapitalistischen Industrie die Doktrin des &#8222;Assetmanagements&#8220; gibt und es somit eigentlich gar keine Lagerbest\u00e4nde geben d\u00fcrfte? Wei\u00df sie nicht, was es unter dieser Voraussetzung f\u00fcr ein Gl\u00fcck ist, dass noch alte Waffen eingemottet sind?<\/li>\n\n\n\n<li>Muss der ukrainische Botschafter wirklich die triviale Erkenntnis, dass eine Flucht ins Ausland f\u00fcr die Masse der Gefl\u00fcchteten immer mit wirtschaftlichem Abstieg verbunden ist, als Anklage formulieren? Sollten die Gefl\u00fcchteten sich hier nur wohlf\u00fchlen h\u00e4tten wir etwas falsch gemacht &#8211; es gilt f\u00f6rdern und fordern. Ja, das gilt auch f\u00fcr Ukrainer.<\/li>\n\n\n\n<li>Warum muss man das Minsker Abkommen diffamieren? Die Auflagen f\u00fcr die Ukraine darin sind doch auch Grundvoraussetzungen f\u00fcr die Aufnahme in die EU, die die Ukraine ja angeblich anstrebt.<\/li>\n\n\n\n<li>Ist es in der Ukraine unbekannt, dass die Aufnahme in die EU eine wesentliche \u00c4nderung der ukrainischen Politik voraussetzt? Z.B. eine Aufgabe der Ukrainisierungspolitik in der jetzigen Form, Einf\u00fchrung unabh\u00e4ngiger Gerichte, Entmachtung von Oligarchen.<\/li>\n\n\n\n<li>Ist in der Ukraine die Erkenntnis noch nicht angekommen, dass eine Ukrainisierungspolitik zwangsl\u00e4ufig irgendwann zu Gebietsverlusten f\u00fchren muss? Ich erinnere nur an den Verlust von Westpreu\u00dfen und eines Teils Oberschlesiens nach dem 1. Weltkrieg aufgrund der Germanisierungspolitik, weil die dort lebenden Polen sich nicht als Deutsche f\u00fchlen konnten ohne ihre Identit\u00e4t aufzugeben. Weitere Beispiele in Europa gibt es massenhaft. Aus gutem Grund sind daher in der EU die Minderheitenrechte einschlie\u00dflich des Rechts auf muttersprachlichen Unterricht garantiert.<\/li>\n\n\n\n<li>Wenn Herr Melnyk sich hier nicht wohlf\u00fchlt: Kein Problem, keiner hier weint ihm eine Tr\u00e4ne nach &#8211; ab an die Front mit ihm. Ich denke, kein Botschafter hat seinem Land je so viel geschadet wie er.<\/li>\n\n\n\n<li>Was macht eigentlich die Ukraine wenn Putin keine Brennelemente f\u00fcr ihre Atomkraftwerke, kein Erdgas und kein Erd\u00f6l mehr liefert? Ich denke, der Ukrainekrieg wird heute ganz wesentlich mit russischen Rohstoffen gef\u00fchrt &#8211; direkt verwendet oder weiterverarbeitet.<\/li>\n\n\n\n<li>Lieber Herr Melnyk, wissen Sie eigentlich, was Sie hier anrichten? Wissen Sie, dass Sie wieder und wieder das Kischee vom Ossi bedienen, der keine Ahnung von Wirtschaft hat? Das wird auch nicht dadurch besser, dass f\u00fchrende Repr\u00e4sentanten von Tschechien und Polen sich ebenfalls gekonnt diesbez\u00fcglich disqualifizieren und dass auch die B\u00fcrger der ehemaligen DDR vorgemacht haben, wie man wirtschaftlichen Selbstmord begeht &#8211; und f\u00fcr ihre Fehlleistung bis heute noch &#8222;den Westen&#8220; verantwortlich machen. Gottseidank ist diesmal Olaf Scholz und nicht Helmut Kohl Bundeskanzler, der diesen Unfug unterbindet.<\/li>\n\n\n\n<li>Bei Putin sind wir uns alle einig, dass er keinen Realit\u00e4tsbezug mehr hat. Aber wie steht es mit der ukrainischen Regierung? Jetzt ma\u00dft die sich schon an zu wissen, dass es gen\u00fcgend schwere Waffen im Westen gibt, dass sie ihren Krieg gewinnen kann. Aber:<br>Erstens: Es gibt nicht nur einen &#8222;Putin&#8220;, schwere Waffen werden auch noch an anderer Stelle zur Abschreckung gebraucht.<br>Zweitens: Es gibt wesentlich weniger f\u00fcr den Kriegseinsatz taugliche schwere Waffen, als in der Abschreckungsstatistik steht. Auch ein kaputter Panzer schreckt ab. Jeder, der einmal bei der Bundeswehr war, wei\u00df, dass nur bis zu 1\/3 der nominal vorhandenen \u00e4lteren Panzer in der Lage sind, aus der Kaserne zu fahren, dann auch noch zu schie\u00dfen und m\u00f6glicherweise sogar zu treffen. Das war vor 50 Jahren w\u00e4hrend des kalten Krieges schon so (da war ich bei der Bundeswehr) und das war vor 20 Jahren so (da war mein Sohn bei der Bundeswehr). Und danach wurde nochmals massiv an der Landesverteidigung gespart.<br>Drittens: Beim Milit\u00e4r ist das Ger\u00e4t immer entweder noch nicht einsatzf\u00e4hig oder veraltet. Das k\u00f6nnte man auch mal den diversen Politikern sagen, die mit nichts zufrieden sind.<\/li>\n\n\n\n<li>Irgendwie hat man den Eindruck, der eine oder der andere ukrainische Politiker ist gr\u00f6\u00dfenwahnsinnig geworden. Selbst wenn die Ukraine die Krim erobern k\u00f6nnte, k\u00f6nnte sie sie doch nicht dauerhaft gegen Russland halten &#8211; oder, falls Russland vernichtet ist, gegen die Asiaten. Wie war das doch noch mit dem Chanat der Krim und dem Chanat von Kiew &#8211; wird das wieder angestrebt?<\/li>\n\n\n\n<li>Was soll der Unfug, dass die Ukraine uns Atomstrom anbietet? Muss sie ihre Atomkraftwerke nicht im Streckbetrieb fahren, damit sie solange Strom hat, bis sie nachhaltige Kraftwerke aufgebaut hat?<\/li>\n\n\n\n<li>Sollte sie &#8211; statt eine zur Zeit im Wesentlichen unsinnige Offensive zu starten &#8211; nicht lieber Solar- und Windkraftwerke bauen?<\/li>\n\n\n\n<li>Wenn man ganz Europa in einen Wirtschaftskrieg gegen Russland bringt muss man diesen nat\u00fcrlich auch selbst mit Aussicht auf Erfolg f\u00fchren. Man muss also h\u00f6here Preise f\u00fcr \u00d6l und Gas zahlen k\u00f6nnen und die Atomkraftwerke aus russischer Produktion abschalten.<\/li>\n\n\n\n<li>Die ukrainische Atomindustrie h\u00e4ngt vermutlich zu 100 Prozent von Russland ab. F\u00fcr EU-Mitglieder gilt \u00fcbrigens, dass kein Teil in ein Atomkraftwerk eingebaut werden darf, das nicht zertifiziert ist. Solche Teile k\u00f6nnten aus Russland importiert werden, wenn es das Embargo nicht verhindern w\u00fcrde. Also: Tsch\u00fcss, Ukrainische Atomindustrie. Kein russisches Uran, keine Brennelemente, keine Ersatzteile, keine Zertifizierung.<\/li>\n\n\n\n<li>Jetzt ist aber wirklich <strong>Schluss<\/strong>. Mit den Panzerlieferungen hat die Ukraine jetzt wirklich alle Waffen, die sie braucht, um sich zu verteidigen und mehr als das. Kampfpanzer sind eigentlich obsolet. <\/li>\n\n\n\n<li>Jetzt braucht es mal ein eindeutiges <strong>Nein<\/strong>: Nein, die Ukraine hat kein Recht, die russische Schwarzmeerflotte zu vertreiben! Nein, das Weltbild der Kriegstreiber der Ukraine ist v\u00f6llig unchristlich und unausstehlich! Nein: Die Bundeswehr darf nicht weiter geschw\u00e4cht werden, schon gar nicht die Luftwaffe! Nein: Die Ukraine sollte jetzt keine Priorit\u00e4t mehr bekommen. Priorit\u00e4t muss unsere eigene Verteidigungsf\u00e4higkeit haben! Nein: Das Geschrei der anderen Oststaaten (insbesondere derjenigen, die das Problem mit ihrer russischsprachigen Minderheit nicht gel\u00f6st haben und der Polen) muss aufh\u00f6ren! Nein: Die Ukraine darf Russland nicht besiegen! Es darf auf russischem Boden kein Machtvakuum entstehen. Nein: Die Ukraine darf nicht in die EU solange sie diese Ukrainisierungspolitik betreibt und sie hat dann auch kein Recht die Gebiete mit russischsprachiger Bev\u00f6lkerung zu beherrschen, die das nicht wollen! Nein: Wir k\u00f6nnen mit diesem korrupten und aggressiven Staat nicht vertrauensvoll zusammenarbeiten! Das Gleiche gilt leider aus den gleichen Gr\u00fcnden aktuell auch f\u00fcr Polen.<\/li>\n\n\n\n<li>Wenn unser Nein wieder \u00fcberh\u00f6rt wird bleibt nur, die Hilfe einfach mal einige Zeit auszusetzen. Das Geschrei wird dann auch nicht gr\u00f6\u00dfer werden.<\/li>\n\n\n\n<li>Warum wei\u00df die Ukraine eigentlich nicht, dass sie keine Chance hat, Russland zu besiegen? Vielleicht w\u00fcrden die Amerikaner das ja noch wollen, aber praktisch kein Staat in Europa kann wollen, dass Russland dauerhaft geschw\u00e4cht wird. Schlie\u00dflich gibt es noch die Asiaten\/Chinesen, die dann sofort nachdr\u00e4ngen. F\u00fcr die zu erwartende Auseinandersetzung im chinesischen Meer m\u00fcssen wir unsere Kr\u00e4fte zusammenhalten, insbesondere die Luftwaffe und die Marine. Falls wir wirklich eine Fregatte verschenken wollen dann doch lieber an die Philippinen. Was soll es uns denn n\u00fctzen, wenn die an die Ukraine geht?<\/li>\n\n\n\n<li>Wollen die Ukrainer jetzt mit den Kampfjets, die wir ihnen liefern sollen, Streumunition \u00fcber dem Land abwerfen, das sie angeblich zur\u00fcck haben wollen und sich dann nachher dar\u00fcber beschweren dass wir ihnen nicht dabei helfen k\u00f6nnen, den Schaden wieder zu beseitigen?<\/li>\n\n\n\n<li>Krim, was soll das? Wie kann man behaupten, man will sie zur\u00fcckerobern und gleichzeitig alles daf\u00fcr tun, die Bev\u00f6lkerung dort gegen sich aufzubringen? Man sollte die Bev\u00f6lkerung umwerben, z.B. mit einer toleranten Sprachpolitik. Wie kann man es sich mit den Spezialisten verderben, die man nach einer Eroberung noch braucht? Das sind keine Verr\u00e4ter, das sind Technokraten. Es gibt keine anderen Spitzenleute, es sind immer die gleichen oben. Ansonsten f\u00fchrt das dort  zu einer Misswirtschaft.<\/li>\n<\/ul>\n\n\n\n<p><\/p>\n","protected":false},"excerpt":{"rendered":"","protected":false},"author":1,"featured_media":0,"parent":0,"menu_order":0,"comment_status":"closed","ping_status":"closed","template":"","meta":[],"_links":{"self":[{"href":"https:\/\/christianullmann.de\/index.php?rest_route=\/wp\/v2\/pages\/321"}],"collection":[{"href":"https:\/\/christianullmann.de\/index.php?rest_route=\/wp\/v2\/pages"}],"about":[{"href":"https:\/\/christianullmann.de\/index.php?rest_route=\/wp\/v2\/types\/page"}],"author":[{"embeddable":true,"href":"https:\/\/christianullmann.de\/index.php?rest_route=\/wp\/v2\/users\/1"}],"replies":[{"embeddable":true,"href":"https:\/\/christianullmann.de\/index.php?rest_route=%2Fwp%2Fv2%2Fcomments&post=321"}],"version-history":[{"count":8,"href":"https:\/\/christianullmann.de\/index.php?rest_route=\/wp\/v2\/pages\/321\/revisions"}],"predecessor-version":[{"id":350,"href":"https:\/\/christianullmann.de\/index.php?rest_route=\/wp\/v2\/pages\/321\/revisions\/350"}],"wp:attachment":[{"href":"https:\/\/christianullmann.de\/index.php?rest_route=%2Fwp%2Fv2%2Fmedia&parent=321"}],"curies":[{"name":"wp","href":"https:\/\/api.w.org\/{rel}","templated":true}]}}