{"id":25,"date":"2020-04-10T12:21:23","date_gmt":"2020-04-10T12:21:23","guid":{"rendered":"http:\/\/christianullmann.de\/?page_id=25"},"modified":"2020-04-10T17:02:14","modified_gmt":"2020-04-10T17:02:14","slug":"tipp-zum-ersteinstieg","status":"publish","type":"page","link":"https:\/\/christianullmann.de\/?page_id=25","title":{"rendered":"Tipp zum Ersteinstieg"},"content":{"rendered":"\n<p>Der beste Schnelleinstieg gelingt mit dem <a href=\"https:\/\/www.christianullmann.de\/UnityWeb\/SzenarioFliegen1.php\">Szenario Fliegen1<\/a>. Das Szenario wird im Wesentlichen \u00fcber die Maus wie gewohnt und die Pfeiltasten auf der Tastatur sowie die Umschalttaste bedient. Das kann man ausprobieren.<br><br>Im Szenario steuert man ein Flugzeug (einfache Bedienung) und kann damit gegen andere Objekte fliegen, z.B. gegen die Mauern oder, falls eingeschaltet, die Zeppeline. Man sieht dann, was passiert. Demn\u00e4chst wird es auch einen Parcour f\u00fcr Flug\u00fcbungen geben. Details zur Bedienung siehe Seite <a href=\"https:\/\/christianullmann.de\/?page_id=43\">Bedienung im Flugmodus<\/a>.<\/p>\n","protected":false},"excerpt":{"rendered":"<p>Der beste Schnelleinstieg gelingt mit dem Szenario Fliegen1. Das Szenario wird im Wesentlichen \u00fcber die Maus wie gewohnt und die Pfeiltasten auf der Tastatur sowie die Umschalttaste bedient. Das kann man ausprobieren. Im Szenario steuert man ein Flugzeug (einfache Bedienung) und kann damit gegen andere Objekte fliegen, z.B. gegen die Mauern oder, falls eingeschaltet, die &hellip; <\/p>\n","protected":false},"author":1,"featured_media":0,"parent":18,"menu_order":15,"comment_status":"closed","ping_status":"closed","template":"","meta":[],"_links":{"self":[{"href":"https:\/\/christianullmann.de\/index.php?rest_route=\/wp\/v2\/pages\/25"}],"collection":[{"href":"https:\/\/christianullmann.de\/index.php?rest_route=\/wp\/v2\/pages"}],"about":[{"href":"https:\/\/christianullmann.de\/index.php?rest_route=\/wp\/v2\/types\/page"}],"author":[{"embeddable":true,"href":"https:\/\/christianullmann.de\/index.php?rest_route=\/wp\/v2\/users\/1"}],"replies":[{"embeddable":true,"href":"https:\/\/christianullmann.de\/index.php?rest_route=%2Fwp%2Fv2%2Fcomments&post=25"}],"version-history":[{"count":4,"href":"https:\/\/christianullmann.de\/index.php?rest_route=\/wp\/v2\/pages\/25\/revisions"}],"predecessor-version":[{"id":107,"href":"https:\/\/christianullmann.de\/index.php?rest_route=\/wp\/v2\/pages\/25\/revisions\/107"}],"up":[{"embeddable":true,"href":"https:\/\/christianullmann.de\/index.php?rest_route=\/wp\/v2\/pages\/18"}],"wp:attachment":[{"href":"https:\/\/christianullmann.de\/index.php?rest_route=%2Fwp%2Fv2%2Fmedia&parent=25"}],"curies":[{"name":"wp","href":"https:\/\/api.w.org\/{rel}","templated":true}]}}