{"id":22,"date":"2020-04-10T12:19:22","date_gmt":"2020-04-10T12:19:22","guid":{"rendered":"http:\/\/christianullmann.de\/?page_id=22"},"modified":"2021-05-01T19:13:29","modified_gmt":"2021-05-01T19:13:29","slug":"startseite-spiele","status":"publish","type":"page","link":"https:\/\/christianullmann.de\/?page_id=22","title":{"rendered":"Startseite Spiel(e)"},"content":{"rendered":"\n<p>Spiele laufen im Browser (keine Installation):<\/p>\n\n\n\n\n<table id=\"tablepress-1\" class=\"tablepress tablepress-id-1\">\n<tbody>\n<tr class=\"row-1\">\n\t<td class=\"column-1\"><a href=\"https:\/\/christianullmann.de\/?page_id=146\">Start Standardspiel<img src=\"http:\/\/christianullmann.de\/wp-content\/uploads\/2020\/04\/Standardspiel-300x245.png\" alt=\"\" width=\"300\" height=\"245\" class=\"alignnone size-medium wp-image-8\" \/><\/a><br \/>\n<br \/>\n<\/td><td class=\"column-2\"><a href=\"https:\/\/christianullmann.de\/?page_id=155\">Start Szenario Fliegen1<img src=\"http:\/\/christianullmann.de\/wp-content\/uploads\/2020\/04\/Fliegen1-300x243.png\" alt=\"\" width=\"300\" height=\"243\" class=\"alignnone size-medium wp-image-6\" \/><\/a><\/td><td class=\"column-3\"><a href=\"https:\/\/christianullmann.de\/?page_id=153\">Start Szenario Eisenbahn1<img src=\"http:\/\/christianullmann.de\/wp-content\/uploads\/2020\/04\/Eisenbahn1-300x244.png\" alt=\"\" width=\"300\" height=\"244\" class=\"alignnone size-medium wp-image-5\" \/><\/a><\/td><td class=\"column-4\"><a href=\"https:\/\/christianullmann.de\/?page_id=157\">Start Szenario Kugelbahn1<img src=\"http:\/\/christianullmann.de\/wp-content\/uploads\/2020\/04\/Kugelbahn1-300x247.png\" alt=\"\" width=\"300\" height=\"247\" class=\"alignnone size-medium wp-image-7\" \/><\/a><\/td>\n<\/tr>\n<tr class=\"row-2\">\n\t<td class=\"column-1\"><\/td><td class=\"column-2\"><\/td><td class=\"column-3\"><a href=\"https:\/\/christianullmann.de\/?page_id=253\">Start Szenario T\u00fcrme1<img src=\"https:\/\/christianullmann.de\/wp-content\/uploads\/2021\/04\/SchnappschussTuerme-300x178.png\" alt=\"\" width=\"300\" height=\"247\" class=\"alignnone size-medium wp-image-261\" \/><\/a><\/td><td class=\"column-4\"><a href=\"https:\/\/christianullmann.de\/?page_id=215\">Start Szenario Beleuchtung1<img src=\"https:\/\/christianullmann.de\/wp-content\/uploads\/2020\/06\/Beleuchtung1.png\" alt=\"\" width=\"300\" height=\"247\" class=\"alignnone size-medium wp-image-7\" \/><\/a><\/td>\n<\/tr>\n<tr class=\"row-3\">\n\t<td class=\"column-1\"><a href=\"https:\/\/www.christianullmann.de\/UnityWeb\/index.html\">Noteingang zum Entsperren<\/a><\/td><td class=\"column-2\"><\/td><td class=\"column-3\"><\/td><td class=\"column-4\"><a href=\"https:\/\/www.christianullmann.de\/UnityWebTestprogramm\/index.html\">WebTestprogramm<\/a><\/td>\n<\/tr>\n<tr class=\"row-4\">\n\t<td class=\"column-1\"><\/td><td class=\"column-2\"><\/td><td class=\"column-3\"><\/td><td class=\"column-4\"><\/td>\n<\/tr>\n<tr class=\"row-5\">\n\t<td class=\"column-1\"><\/td><td class=\"column-2\"><\/td><td class=\"column-3\"><\/td><td class=\"column-4\"><\/td>\n<\/tr>\n<\/tbody>\n<\/table>\n<!-- #tablepress-1 from cache -->\n\n\n\n<p>Spiel l\u00e4uft aus Windows-PC (Installation erforderlich, aber deutlich schneller und besserer Ton):<\/p>\n\n\n\n<p>Der Download enth\u00e4lt ein zip-File, das man entpacken muss. Dabei entsteht ein Setup.exe-File f\u00fcr die Installation des Spiels auf einem Windows-PC. Das Spiel l\u00e4uft direkt im PC, dadurch ist es wesentlich schneller, der Ton wird auch besser. Alle oben sichtbaren Szenarios k\u00f6nnen vom Server geladen werden.<\/p>\n\n\n\n<div class=\"sdm_download_button_box_default\"><div class=\"sdm_download_link\"><a href=\"https:\/\/christianullmann.de\/?smd_process_download=1&download_id=290\" class=\"sdm_download green\" title=\"PC-Spiel Setup File (zip beinhaltet Setup.exe)\" >Jetzt herunterladen!<\/a><\/div><\/div>\n","protected":false},"excerpt":{"rendered":"<p>Spiele laufen im Browser (keine Installation): Spiel l\u00e4uft aus Windows-PC (Installation erforderlich, aber deutlich schneller und besserer Ton): Der Download enth\u00e4lt ein zip-File, das man entpacken muss. Dabei entsteht ein Setup.exe-File f\u00fcr die Installation des Spiels auf einem Windows-PC. Das Spiel l\u00e4uft direkt im PC, dadurch ist es wesentlich schneller, der Ton wird auch besser. &hellip; <\/p>\n","protected":false},"author":1,"featured_media":0,"parent":18,"menu_order":10,"comment_status":"closed","ping_status":"closed","template":"","meta":[],"_links":{"self":[{"href":"https:\/\/christianullmann.de\/index.php?rest_route=\/wp\/v2\/pages\/22"}],"collection":[{"href":"https:\/\/christianullmann.de\/index.php?rest_route=\/wp\/v2\/pages"}],"about":[{"href":"https:\/\/christianullmann.de\/index.php?rest_route=\/wp\/v2\/types\/page"}],"author":[{"embeddable":true,"href":"https:\/\/christianullmann.de\/index.php?rest_route=\/wp\/v2\/users\/1"}],"replies":[{"embeddable":true,"href":"https:\/\/christianullmann.de\/index.php?rest_route=%2Fwp%2Fv2%2Fcomments&post=22"}],"version-history":[{"count":10,"href":"https:\/\/christianullmann.de\/index.php?rest_route=\/wp\/v2\/pages\/22\/revisions"}],"predecessor-version":[{"id":300,"href":"https:\/\/christianullmann.de\/index.php?rest_route=\/wp\/v2\/pages\/22\/revisions\/300"}],"up":[{"embeddable":true,"href":"https:\/\/christianullmann.de\/index.php?rest_route=\/wp\/v2\/pages\/18"}],"wp:attachment":[{"href":"https:\/\/christianullmann.de\/index.php?rest_route=%2Fwp%2Fv2%2Fmedia&parent=22"}],"curies":[{"name":"wp","href":"https:\/\/api.w.org\/{rel}","templated":true}]}}