{"id":20,"date":"2020-04-10T12:18:39","date_gmt":"2020-04-10T12:18:39","guid":{"rendered":"http:\/\/christianullmann.de\/?page_id=20"},"modified":"2020-04-10T16:07:42","modified_gmt":"2020-04-10T16:07:42","slug":"bedienungsanleitung","status":"publish","type":"page","link":"https:\/\/christianullmann.de\/?page_id=20","title":{"rendered":"Bedienungsanleitung"},"content":{"rendered":"\n<p>Das Spiel bietet je nach Modus ganz unterschiedliche <strong>Schwierigkeitsgerade<\/strong>:<\/p>\n\n\n\n<p>Am einfachsten ist der <strong>Flugmodus<\/strong>, schon relativ kleine Kinder schaffen es, ihn zu bedienen. Bester Start: Szenario Fliegen1 ( es bietet die wichtigsten Bedienm\u00f6glichkeiten in einem Men\u00fc).<\/p>\n\n\n\n<p>Es sollte auch einfach sein, <strong>Z\u00fcge<\/strong> \u00fcber die Signalsteuerung zu bedienen (Szenario Eisenbahn1).<br><br>Falls die Rechenleistung ausreicht ist auch das Szenario <strong>Kugelbahn<\/strong>1 einfach zu bedienen.<br><br>Das Gleiche gilt auch f\u00fcr alle zuk\u00fcnftigen Szenarios, sie bieten eine vordefinierte Umgebung mit einer vereinfachten Bedienung.<\/p>\n\n\n\n<p>Der <strong>Baumodus <\/strong>ist etwas gew\u00f6hnungsbed\u00fcrftig, weil daf\u00fcr eine 3D-Bedienung, zus\u00e4tzlich auch eine 2D-Bedienung und das Selektieren von Objekten notwendig ist. Allerdings kann man nur damit selbst kreativ werden, d.h. bauen, beleuchten, selber Events und Keys  f\u00fcr die vereinfachte Bedienung definieren, speichern, laden usw. Erst in diesem Modus f\u00fchlt man sich wirklich in einem 3D-Spiel (allerdings braucht man diesen Modus rudiment\u00e4r auch, wenn man die meisten obigen Szenarios komplett nutzen will).<\/p>\n\n\n\n<p>Um den Baumodus richtig nutzen zu k\u00f6nnen muss man sich mit der Funktionsbedienung und der objektorientierten Bedienung auseinandersetzen.<\/p>\n\n\n\n<p>Im <strong>Fahrmodus<\/strong> kann man eine Lok steuern. Das ist relativ einfach, vorausgesetzt, man hat ein Schienensystem mit mindestens einem aufgesetzten Zug.<\/p>\n\n\n\n<p>Im <strong>Haftkameramodus <\/strong>folgt man mit der Kamera einem bewegten Objekt, z.B. einer Kugel. Es gibt die notwendigen Bedienm\u00f6glichkeiten jeweils bezogen auf das verfolgte Objekt. Man kann auch eine Kraft w\u00e4hlbarer Gr\u00f6\u00dfe zur Seite auf das verfolgte Objekt aufbringen, damit kann man es und andere Objekte in der Nachbarschaft bewegen.<\/p>\n\n\n\n<p><\/p>\n","protected":false},"excerpt":{"rendered":"<p>Das Spiel bietet je nach Modus ganz unterschiedliche Schwierigkeitsgerade: Am einfachsten ist der Flugmodus, schon relativ kleine Kinder schaffen es, ihn zu bedienen. Bester Start: Szenario Fliegen1 ( es bietet die wichtigsten Bedienm\u00f6glichkeiten in einem Men\u00fc). Es sollte auch einfach sein, Z\u00fcge \u00fcber die Signalsteuerung zu bedienen (Szenario Eisenbahn1). Falls die Rechenleistung ausreicht ist auch &hellip; <\/p>\n","protected":false},"author":1,"featured_media":0,"parent":18,"menu_order":20,"comment_status":"closed","ping_status":"closed","template":"","meta":[],"_links":{"self":[{"href":"https:\/\/christianullmann.de\/index.php?rest_route=\/wp\/v2\/pages\/20"}],"collection":[{"href":"https:\/\/christianullmann.de\/index.php?rest_route=\/wp\/v2\/pages"}],"about":[{"href":"https:\/\/christianullmann.de\/index.php?rest_route=\/wp\/v2\/types\/page"}],"author":[{"embeddable":true,"href":"https:\/\/christianullmann.de\/index.php?rest_route=\/wp\/v2\/users\/1"}],"replies":[{"embeddable":true,"href":"https:\/\/christianullmann.de\/index.php?rest_route=%2Fwp%2Fv2%2Fcomments&post=20"}],"version-history":[{"count":3,"href":"https:\/\/christianullmann.de\/index.php?rest_route=\/wp\/v2\/pages\/20\/revisions"}],"predecessor-version":[{"id":94,"href":"https:\/\/christianullmann.de\/index.php?rest_route=\/wp\/v2\/pages\/20\/revisions\/94"}],"up":[{"embeddable":true,"href":"https:\/\/christianullmann.de\/index.php?rest_route=\/wp\/v2\/pages\/18"}],"wp:attachment":[{"href":"https:\/\/christianullmann.de\/index.php?rest_route=%2Fwp%2Fv2%2Fmedia&parent=20"}],"curies":[{"name":"wp","href":"https:\/\/api.w.org\/{rel}","templated":true}]}}