{"id":191,"date":"2020-05-05T15:34:11","date_gmt":"2020-05-05T15:34:11","guid":{"rendered":"https:\/\/christianullmann.de\/?page_id=191"},"modified":"2022-05-22T08:07:51","modified_gmt":"2022-05-22T08:07:51","slug":"wie-baue-ich-ein-etwas-anspruchsvolleres-haus","status":"publish","type":"page","link":"https:\/\/christianullmann.de\/?page_id=191","title":{"rendered":"Wie baue ich ein etwas anspruchsvolleres Haus?"},"content":{"rendered":"\n<ol><li>Du beginnst im Baumen\u00fc mit Fertigbau\/H\u00e4user\/HausRumpf<\/li><li>Du w\u00e4hlst die richtige Gr\u00f6\u00dfe der zentralen rechteckigen Grundplatte (der Zentralplatte des Fundaments) und schlie\u00dft ab.<\/li><li>Damit hast Du erst mal nur eine braune, rechteckige Fundamentplatte.<\/li><li>Soll Dein Haus einen komplizierteren Grundriss haben? Dann solltest Du jetzt weitere Bauplatten an der ersten Fundamentplatte andocken.<\/li><li>Das wiederholst Du so lange, bis der Grundriss fertig ist.<\/li><li>Wenn das noch nicht der endg\u00fcltige Grundriss ist, ist das nicht so schlimm. Allerdings kann es sein, dass Dein Bau nachher etwas &#8222;angest\u00fcckelt&#8220; aussieht, wenn Du nachher noch am Fundament \u00e4nderst (erst im n\u00e4chsten Schritt, bei den W\u00e4nden.<\/li><li>Als n\u00e4chstes baust Du W\u00e4nde. Am einfachsten ist das, wenn man vorher die Grundplatte anw\u00e4hlt, auf der die Wand stehen soll, und mit der Kamera in Richtung nach au\u00dfen sieht. Sobald man im Objektmen\u00fc eine Wand mit &#8222;Wand neu&#8220; aufsetzt, erscheint eine Schablone, mir der man die endg\u00fcltige Gr\u00f6\u00dfe und Position der Wand festlegt. Man f\u00e4ngt sinnvollerweise mit den l\u00e4ngsten W\u00e4nden an und setzt danach k\u00fcrzere W\u00e4nde ein. Es ist nicht einfach, falsch gebaute W\u00e4nde im Detail zu korrigieren. Es ist sinnvoller, die Wand zu l\u00f6schen und neu zu bauen. Aber Vorsicht! Sind schon weitere W\u00e4nde angemauert k\u00f6nnen unsch\u00f6ne L\u00f6cher entstehen. Um Aussparungen f\u00fcr T\u00fcren und Fenster braucht man sich nicht zu k\u00fcmmern, T\u00fcren und Fenster werden sp\u00e4ter in die fertige Wand eingesetzt. Achtung: W\u00e4nde bauen an, wenn man die Schablone mindestens ein Raster in eine andere Wand hineinragen l\u00e4sst, das gilt auch f\u00fcr Ecken. Angebaute W\u00e4nde sollte man nicht mehr l\u00f6schen m\u00fcssen, das sieht seltsam aus und neue W\u00e4nde lassen sich auch an der gleichen Stelle nicht mehr sauber anbauen.<\/li><li>Stehen alle W\u00e4nde einer Etage setzt man T\u00fcren und Fenster ein.<\/li><li>Sinnvollerweise erst ab der 1. Etage kann man an dieser Stelle Balkons anbauen. Dazu wird einfach an der richtigen Bodenplatte eine weitere Bodenplatte angedockt. Balkonbr\u00fcstungen sind  auch W\u00e4nde, allerdings w\u00e4hlt man daf\u00fcr meist ein geringeres Raster, da sie d\u00fcnner sind. (Es gibt noch keine Balkonautomatik).<\/li><li>Sind alle W\u00e4nde mit T\u00fcren und Fenstern versehen setzt man Decken auf. Damit entsteht implizit die n\u00e4chste Etage. Decken sind Bauplatten, im Prinzip wiederholt sich jetzt das Vorgehen beim Bauen des Fundaments.<\/li><li>Damit ist eine Rohetage erstellt. Falls ein mehrgesch\u00f6ssiges Haus geplant ist, kann man jetzt die Funktion &#8222;Etage kopieren&#8220; verwenden. Vorher sollte man allerdings \u00fcberlegen, ob die zu kopierende Etage bereits eine gute Vorlage ist.<\/li><li>In die Decken k\u00f6nnen jetzt mit der Treppenautomatik L\u00f6cher, Rampen, Treppen und Treppen mit Gel\u00e4nder eingebaut werden. Ich denke, man sieht vorab ganz gut, was man beim Einbau erh\u00e4lt. Ist die Treppe einmal gebaut und passt nicht muss man zur Zeit die Bauplatte mit der Treppe l\u00f6schen und von vorn anfangen. Nach einiger \u00dcbung sollte es gehen.<\/li><li>Weiter geht es mit dem Aufsetzen von W\u00e4nden f\u00fcr die n\u00e4chste Etage wie schon f\u00fcr das Erdgeschoss gemacht usw.<\/li><li>Ist das Dachgeschoss erreicht werden auf die Deckenbauplatten D\u00e4cher aufgesetzt. Probleme sind Dach\u00fcberst\u00e4nde bei komplexen Grundrissen. Daf\u00fcr gibt es aktuell keine Anbauautomatik wie bei den W\u00e4nden, daf\u00fcr muss man etwas trixen.<\/li><li>Man kann jetzt mit Versch\u00f6nerungsaktionen wie Malen, Pflanzen, Einbau von Lampen beginnen. Das sollte relativ unproblematisch sein und wird daher hier nicht beschrieben. Demn\u00e4chst wird es zum \u00dcben dieser Schritte vorab ein &#8222;3D-Malbuch&#8220; geben.<\/li><li>Ist das Haus gut gelungen, sollte man es sichern. Man kann es dann (hoffentlich genauso sch\u00f6n) laden. (Falls die Sch\u00f6nheit gelitten hat, schreibt man eine Fehlermeldung. Das Speichersystem wird noch ausgebaut, momentan gibt es nur einen Speicherplatz auf dem Server).<\/li><\/ol>\n\n\n\n<p><\/p>\n","protected":false},"excerpt":{"rendered":"<p>Du beginnst im Baumen\u00fc mit Fertigbau\/H\u00e4user\/HausRumpf Du w\u00e4hlst die richtige Gr\u00f6\u00dfe der zentralen rechteckigen Grundplatte (der Zentralplatte des Fundaments) und schlie\u00dft ab. Damit hast Du erst mal nur eine braune, rechteckige Fundamentplatte. Soll Dein Haus einen komplizierteren Grundriss haben? Dann solltest Du jetzt weitere Bauplatten an der ersten Fundamentplatte andocken. Das wiederholst Du so lange, &hellip; <\/p>\n","protected":false},"author":1,"featured_media":0,"parent":189,"menu_order":0,"comment_status":"closed","ping_status":"closed","template":"","meta":[],"_links":{"self":[{"href":"https:\/\/christianullmann.de\/index.php?rest_route=\/wp\/v2\/pages\/191"}],"collection":[{"href":"https:\/\/christianullmann.de\/index.php?rest_route=\/wp\/v2\/pages"}],"about":[{"href":"https:\/\/christianullmann.de\/index.php?rest_route=\/wp\/v2\/types\/page"}],"author":[{"embeddable":true,"href":"https:\/\/christianullmann.de\/index.php?rest_route=\/wp\/v2\/users\/1"}],"replies":[{"embeddable":true,"href":"https:\/\/christianullmann.de\/index.php?rest_route=%2Fwp%2Fv2%2Fcomments&post=191"}],"version-history":[{"count":3,"href":"https:\/\/christianullmann.de\/index.php?rest_route=\/wp\/v2\/pages\/191\/revisions"}],"predecessor-version":[{"id":317,"href":"https:\/\/christianullmann.de\/index.php?rest_route=\/wp\/v2\/pages\/191\/revisions\/317"}],"up":[{"embeddable":true,"href":"https:\/\/christianullmann.de\/index.php?rest_route=\/wp\/v2\/pages\/189"}],"wp:attachment":[{"href":"https:\/\/christianullmann.de\/index.php?rest_route=%2Fwp%2Fv2%2Fmedia&parent=191"}],"curies":[{"name":"wp","href":"https:\/\/api.w.org\/{rel}","templated":true}]}}