{"id":184,"date":"2020-05-02T13:12:18","date_gmt":"2020-05-02T13:12:18","guid":{"rendered":"https:\/\/christianullmann.de\/?page_id=184"},"modified":"2022-09-19T20:40:41","modified_gmt":"2022-09-19T20:40:41","slug":"release-notes","status":"publish","type":"page","link":"https:\/\/christianullmann.de\/?page_id=184","title":{"rendered":"Release Notes"},"content":{"rendered":"\n<p>2.5.2020: Version Scene 0.0.0.6<br>Arbeitsschwerpunkte: Fehler bei der Bearbeitung von \u00c4nderungen im Batch-Betrieb, Fehler bei der Bearbeitung von \u00c4nderungen beim Kopieren, Bereitstellen der \u00dcbungsstrecke f\u00fcr das Szenario Fliegen 1<\/p>\n\n\n\n<p>24.5.2020: Version Scene 0.0.0.7: LOD f\u00fcr W\u00e4nde (erm\u00f6glicht das Darstellen komplizierterer Geb\u00e4ude wie einer Burg bei begrenzter Rechenleistung), Erweiterung der Flusssteuerung um Steuerung der Sichtweite, Nachladen Burg in Intro Standardspiel und Szenario Fliegen, Sichtbarkeitssteuerung in Flusssteuerung, Funktion Bauplatte Drehung neu, Funktion Haus Drehung Rasterung auf 22.5 Grad, Beginn rudiment\u00e4re Tutorials in Bedienungsanleitung, Einf\u00fchrung Nachladedirectory, Rasterumstellung bei Pflanzen, Nachladeknopf Szenario Eisenbahn1, Funktion Dach l\u00f6schen. Beseitigte Fehler: Diverse Fehler in der Batchbearbeitung, Anzeige Lok\/Zugnummer ohne Schienenabbild, beim Drehen \/ Verschieben von Pflanzen und H\u00e4usern, in der Men\u00fcsteuerung<\/p>\n\n\n\n<p>26.5.2020: Version Scene 0.0.0.8: Patch f\u00fcr Version Scene 0.0.0.7, 2 Fehler in Batchbearbeitung behoben, richtige \u00dcbungsstrecke f\u00fcr Fliegen bereitgestellt, Materialprobleme nach Computerabgleich, Version gel\u00f6scht<\/p>\n\n\n\n<p>18.06.2020: Version Scene 0.0.0.9: Vorhandene Positionsanzeige um Anzeige Stand Flusssteuerung erweitert, Zeitsteuerung Men\u00fc Eisenbahn1 erweitert, Fehler Flusssteuerung, (Fehler Bremsen vor Signal), Szenario Beleuchtung1 neu, KonzeptLadenNachladenSpeichern (erweitert), Burg nachladen (noch ohne Drehen, aber mit Positions\u00e4nderung)<\/p>\n\n\n\n<p>18.06.2020: Version Scene 0.0.0.11:  Patch posDiff richtig \u00fcbergeben bei Burg f\u00fcr Web, Doppelaufruf gel\u00f6scht.<\/p>\n\n\n\n<p>15.07.2020: Version Scene 0.0.0.12: Drehen bei Nachladen, Nachladen Kapelle, dazu Dachfunktion erweitert (wei\u00dfe Giebel, einseitig senkrecht), Bauplatte andocken auch \u00fcber der Bauplatte erm\u00f6glicht, Wandh\u00f6he Auswahl an Etagenh\u00f6he orientiert, LOD1-Wand richtig positioniert.<\/p>\n\n\n\n<p>06.09.2020: Version Scene 0.0.0.13: Szenario T\u00fcrme, \u00dcberarbeiten Explosionen\/Kollisionen\/Flusssteuerung<\/p>\n\n\n\n<p>09.01.2020: Version Scene 0.0.0.24: Etage kopieren, Reduzierung der Rigidbodyanzahl wegen Problemen beim Sprengen von Turm1, Stabilisierung der Baufunktionen (z.B. Treppe), Reparatur Haus Burg, Stabilisierung Eisenbahn, Stabilisierung Batchfunktionalit\u00e4t, \u00dcbergang auf neue Unity-Version dadurch Verbesserung der Ladezeit, diverse Probleme der Men\u00fcsteuerung beseitigt<\/p>\n\n\n\n<p>28.1.2020: Version Scene 0.0.0.23: Weitere Stabilisierung z.B. bei Beleuchtungsszenario, Nachladen, Turmszenario, Etage Kopieren, automatischer Eisenbahnsteuerung. Flusssteuerung nun auch falls zu viele Details im Bild die Framerate reduzieren, daher neu der &#8222;Q&#8220;-Knopf im Objektmen\u00fc, mit dem im Stillstand alle Details dargestellt werden k\u00f6nnen.<\/p>\n\n\n\n<p>27.4.2020: Version Scene : Weitere Stabilisierung insbesondere Kopierfunktion, Gruppenwechsel, Flusssteuerung, neu: Fertigbau\/Siedlung\/Rundling (Siedlung1)<\/p>\n\n\n\n<p>19.9.2022: Version Scene 0.0.30: Zweites Eisenbahnszenario (komplexere Strecke), Mehrzugbetrieb auf einem Schienensystem (Fahrwege), Objektpositionierung in Blickrichtung (rote-Kugel-Cursor), Stabilisierung und Abrundung des Schienenbauprogramms, der Zugsteuerung, des allgemeinen Bauprogramms, der Batchfunktionalit\u00e4t insbesondere bei \u00c4nderungen, andere, reparierte Versionierung, umfangreiche Fehlerbeseitigung. TBD: Web Version muss noch generiert und bereitgestellt werden, PC-Version ist bereitgestellt. <\/p>\n\n\n\n<p>N\u00e4chste Version: Erweiterung der Eisenbahnfunktionalit\u00e4t, z.B. Haltepunkte, Reversieren, Pfeiffen<\/p>\n\n\n\n<p><\/p>\n","protected":false},"excerpt":{"rendered":"<p>2.5.2020: Version Scene 0.0.0.6Arbeitsschwerpunkte: Fehler bei der Bearbeitung von \u00c4nderungen im Batch-Betrieb, Fehler bei der Bearbeitung von \u00c4nderungen beim Kopieren, Bereitstellen der \u00dcbungsstrecke f\u00fcr das Szenario Fliegen 1 24.5.2020: Version Scene 0.0.0.7: LOD f\u00fcr W\u00e4nde (erm\u00f6glicht das Darstellen komplizierterer Geb\u00e4ude wie einer Burg bei begrenzter Rechenleistung), Erweiterung der Flusssteuerung um Steuerung der Sichtweite, Nachladen Burg &hellip; <\/p>\n","protected":false},"author":1,"featured_media":0,"parent":109,"menu_order":400,"comment_status":"closed","ping_status":"closed","template":"","meta":[],"_links":{"self":[{"href":"https:\/\/christianullmann.de\/index.php?rest_route=\/wp\/v2\/pages\/184"}],"collection":[{"href":"https:\/\/christianullmann.de\/index.php?rest_route=\/wp\/v2\/pages"}],"about":[{"href":"https:\/\/christianullmann.de\/index.php?rest_route=\/wp\/v2\/types\/page"}],"author":[{"embeddable":true,"href":"https:\/\/christianullmann.de\/index.php?rest_route=\/wp\/v2\/users\/1"}],"replies":[{"embeddable":true,"href":"https:\/\/christianullmann.de\/index.php?rest_route=%2Fwp%2Fv2%2Fcomments&post=184"}],"version-history":[{"count":29,"href":"https:\/\/christianullmann.de\/index.php?rest_route=\/wp\/v2\/pages\/184\/revisions"}],"predecessor-version":[{"id":336,"href":"https:\/\/christianullmann.de\/index.php?rest_route=\/wp\/v2\/pages\/184\/revisions\/336"}],"up":[{"embeddable":true,"href":"https:\/\/christianullmann.de\/index.php?rest_route=\/wp\/v2\/pages\/109"}],"wp:attachment":[{"href":"https:\/\/christianullmann.de\/index.php?rest_route=%2Fwp%2Fv2%2Fmedia&parent=184"}],"curies":[{"name":"wp","href":"https:\/\/api.w.org\/{rel}","templated":true}]}}