{"id":18,"date":"2020-04-10T12:18:03","date_gmt":"2020-04-10T12:18:03","guid":{"rendered":"http:\/\/christianullmann.de\/?page_id=18"},"modified":"2020-04-10T12:18:22","modified_gmt":"2020-04-10T12:18:22","slug":"unity-welt","status":"publish","type":"page","link":"https:\/\/christianullmann.de\/?page_id=18","title":{"rendered":"Unity Welt"},"content":{"rendered":"\r\n<p>Das ist der Einstieg in meine Unity-Welt.<\/p>\r\n\r\n\r\n\r\n<p><br>Das Unity-Spiel mit seinen verschiedenen Szenarios erreicht man \u00fcber <a href=\"https:\/\/www.christianullmann.de\/WordPress_02\/?page_id=23\">&#8222;Startseite Spiel(e)&#8220;<\/a>.<br>Die Bedienungsanleitung beginnt auf der Seite <a href=\"https:\/\/www.christianullmann.de\/WordPress_02\/?page_id=17\">&#8222;Bedienungsanleitung&#8220;<\/a>. Viele weitere Seiten besch\u00e4ftigen sich mit der Bedienung.<br>Tipps f\u00fcr den einfachen Einstieg erh\u00e4lt man \u00fcber<a href=\"https:\/\/www.christianullmann.de\/WordPress_02\/?page_id=25\"> &#8222;Tipps zum Schnelleinstieg&#8220;<\/a>.<\/p>\r\n\r\n\r\n\r\n<p>Das Unity-Spiel ist ein 3D-Spiel mit unterschiedlichen Bedienmodi. Ich verwende daf\u00fcr einen PC mit 8GB Hauptspeicher und einer Grafikkarte und einem gro\u00dfen Bildschirm. Das Spiel ist zumindest aktuell nicht f\u00fcr Smartphones geeignet, man k\u00f6nnte es weder laden noch anzeigen noch bedienen. Beim Laden bitte Geduld: Es wird ein Browser mit 2 GB Hauptspeicher ben\u00f6tigt. Das Laden dauert bei mir l\u00e4nger als 2 Minuten (daf\u00fcr entf\u00e4llt eine Installation).<\/p>\r\n\r\n\r\n\r\n<p>Ein Export von Spielergebnissen aus dem Spiel ist aktuell nicht m\u00f6glich. Die Daten bleiben auf dem Server. Hat jemand einen Spielstand gespeichert (eine rudiment\u00e4re Speicherfunktion existiert), den er f\u00fcr interessant h\u00e4lt, m\u00f6ge er mir bitte eine Mail schreiben, ich rette ihn dann: christian.ullmann@kabelmail.de<\/p>\r\n","protected":false},"excerpt":{"rendered":"<p>Das ist der Einstieg in meine Unity-Welt. Das Unity-Spiel mit seinen verschiedenen Szenarios erreicht man \u00fcber &#8222;Startseite Spiel(e)&#8220;.Die Bedienungsanleitung beginnt auf der Seite &#8222;Bedienungsanleitung&#8220;. Viele weitere Seiten besch\u00e4ftigen sich mit der Bedienung.Tipps f\u00fcr den einfachen Einstieg erh\u00e4lt man \u00fcber &#8222;Tipps zum Schnelleinstieg&#8220;. Das Unity-Spiel ist ein 3D-Spiel mit unterschiedlichen Bedienmodi. Ich verwende daf\u00fcr einen PC &hellip; <\/p>\n","protected":false},"author":1,"featured_media":0,"parent":16,"menu_order":0,"comment_status":"closed","ping_status":"closed","template":"","meta":[],"_links":{"self":[{"href":"https:\/\/christianullmann.de\/index.php?rest_route=\/wp\/v2\/pages\/18"}],"collection":[{"href":"https:\/\/christianullmann.de\/index.php?rest_route=\/wp\/v2\/pages"}],"about":[{"href":"https:\/\/christianullmann.de\/index.php?rest_route=\/wp\/v2\/types\/page"}],"author":[{"embeddable":true,"href":"https:\/\/christianullmann.de\/index.php?rest_route=\/wp\/v2\/users\/1"}],"replies":[{"embeddable":true,"href":"https:\/\/christianullmann.de\/index.php?rest_route=%2Fwp%2Fv2%2Fcomments&post=18"}],"version-history":[{"count":2,"href":"https:\/\/christianullmann.de\/index.php?rest_route=\/wp\/v2\/pages\/18\/revisions"}],"predecessor-version":[{"id":95,"href":"https:\/\/christianullmann.de\/index.php?rest_route=\/wp\/v2\/pages\/18\/revisions\/95"}],"up":[{"embeddable":true,"href":"https:\/\/christianullmann.de\/index.php?rest_route=\/wp\/v2\/pages\/16"}],"wp:attachment":[{"href":"https:\/\/christianullmann.de\/index.php?rest_route=%2Fwp%2Fv2%2Fmedia&parent=18"}],"curies":[{"name":"wp","href":"https:\/\/api.w.org\/{rel}","templated":true}]}}