{"id":170,"date":"2020-04-18T15:32:19","date_gmt":"2020-04-18T15:32:19","guid":{"rendered":"https:\/\/christianullmann.de\/?page_id=170"},"modified":"2022-05-22T08:03:59","modified_gmt":"2022-05-22T08:03:59","slug":"warum-dieses-spiel-entstanden-ist","status":"publish","type":"page","link":"https:\/\/christianullmann.de\/?page_id=170","title":{"rendered":"Warum dieses Spiel entstanden ist"},"content":{"rendered":"\n<p>Das Fliegen finde ich immer schon faszinierend. Das begann damit, dass ich zu meinem 16. Geburtstag einen Flug in einer Cesna \u00fcber Hangelar \/ Bonn geschenkt bekommen habe. Nur leider: Fliegen ist teuer, und in der Wirklichkeit Fliegen lernen ist anstrengend. Aber es gibt ja eine Softwarel\u00f6sung: Der Flugmodus in diesem Spiel ist so konzipiert, dass man nicht abst\u00fcrzen kann, und die Bedienung so einfach wie m\u00f6glich ist. Ganz egal, welchen Unfug man macht: Das Flugzeug stabilisiert sich immer wieder automatisch. Auch f\u00fcr die komplizierten Phasen Start und Landung gibt es eine Automatik. Also: Man kann fliegen, ohne die Nachteile des wirklichen Fliegens. Ganz so, wie ich es mir ertr\u00e4umt habe.<\/p>\n\n\n\n<p>Beim Spielen mit Lego hatte ich immer das Problem, dass es daf\u00fcr nicht genug Platz im Kinderzimmer gab und dass die Zahl der Legosteine nie ausgereicht hat. Auch daf\u00fcr gibt es jetzt die Softwarel\u00f6sung: Es gibt &#8211; jedenfalls so lange die Rechenleistung ausreicht &#8211; im Baumodus eine unbegrenzte Zahl von &#8222;Legosteinen&#8220;, und das Bauen im Rechner geht so schnell wie ich es mir fr\u00fcher nie h\u00e4tte tr\u00e4umen lassen. Ansonsten funktioniert der Baumodus ganz \u00e4hnlich wir fr\u00fcher das Spielen mit Legosteinen.<\/p>\n\n\n\n<p>Wie kommt der Zug in das Spiel: Auch daf\u00fcr gibt es eine Erkl\u00e4rung: Eines meiner Enkelkinder ist Zugfan. Anfangs war das Enkelkind es so klein, dass nur eine Holzeisenbahn infrage kam. Bis das Spiel allerdings fertig war, was die Holzeisenbahn schon megaout. Trotzdem bin ich dabei geblieben und plane gerade, den Verkehr mit Blocksicherung und mehreren Z\u00fcgen und Stellwerkssteuerung auf einem Schienensystem zu realisieren. Das ist dann schon genau wie bei einer echten Eisenbahn und vermutlich eher f\u00fcr ganz gro\u00dfe Kinder geeignet. Man kann aber auch mit der Lok mitfahren.<\/p>\n\n\n\n<p>Beim Spielen mit den Asylbewerberkindern war die Kugelbahn der Hit. Leider verschwanden laufend die Kugeln und die interessanten Teile der Kugelbahnen. Auch das ist softwarem\u00e4\u00dfig besser zu l\u00f6sen: Es gibt beliebig viele Kugeln, die leuchten auch und klingen, und man kann mit einer Kugel die Kugelbahn herunterrollen. Man k\u00f6nnte auch beliebig viele neue Kugelbahnen bauen.<\/p>\n\n\n\n<p>Bauen und Aufr\u00e4umen: Das Aufr\u00e4umen war in der realen Welt nicht so beliebt. In der Softwarewelt ist das ganz einfach. Man schaltet einfach ab. Vorher kann man noch sichern. Es gibt aber noch genialere Methoden, aufzur\u00e4umen: Man kann vorher noch Bomben z\u00fcnden oder mit dem Flieger mit Objekten kollidieren. Man kann auch das noch optimieren, es ist n\u00e4mlich gar nicht so einfach, das so hinzukriegen, dass es interessant aussieht. F\u00fcr die Entwicklung ist es immer eine Herausforderung, die Flusssteuerung so zu optimieren, dass es nicht zu sehr ruckelt. Also: Aufr\u00e4umen ist hier ein ganz neuer Spielbereich, da ist es gut, dass man immer wieder nachladen kann.<\/p>\n\n\n\n<p>Was ist noch geplant: Als n\u00e4chstes soll das Eisenbahnszenario weiter ausgebaut werden so dass die Lok pfeift, im Bahnhof automatisch anh\u00e4lt und auch an bestimmten Stellen umkehrt.<\/p>\n","protected":false},"excerpt":{"rendered":"<p>Das Fliegen finde ich immer schon faszinierend. Das begann damit, dass ich zu meinem 16. Geburtstag einen Flug in einer Cesna \u00fcber Hangelar \/ Bonn geschenkt bekommen habe. Nur leider: Fliegen ist teuer, und in der Wirklichkeit Fliegen lernen ist anstrengend. Aber es gibt ja eine Softwarel\u00f6sung: Der Flugmodus in diesem Spiel ist so konzipiert, &hellip; <\/p>\n","protected":false},"author":1,"featured_media":0,"parent":18,"menu_order":55,"comment_status":"closed","ping_status":"closed","template":"","meta":[],"_links":{"self":[{"href":"https:\/\/christianullmann.de\/index.php?rest_route=\/wp\/v2\/pages\/170"}],"collection":[{"href":"https:\/\/christianullmann.de\/index.php?rest_route=\/wp\/v2\/pages"}],"about":[{"href":"https:\/\/christianullmann.de\/index.php?rest_route=\/wp\/v2\/types\/page"}],"author":[{"embeddable":true,"href":"https:\/\/christianullmann.de\/index.php?rest_route=\/wp\/v2\/users\/1"}],"replies":[{"embeddable":true,"href":"https:\/\/christianullmann.de\/index.php?rest_route=%2Fwp%2Fv2%2Fcomments&post=170"}],"version-history":[{"count":3,"href":"https:\/\/christianullmann.de\/index.php?rest_route=\/wp\/v2\/pages\/170\/revisions"}],"predecessor-version":[{"id":315,"href":"https:\/\/christianullmann.de\/index.php?rest_route=\/wp\/v2\/pages\/170\/revisions\/315"}],"up":[{"embeddable":true,"href":"https:\/\/christianullmann.de\/index.php?rest_route=\/wp\/v2\/pages\/18"}],"wp:attachment":[{"href":"https:\/\/christianullmann.de\/index.php?rest_route=%2Fwp%2Fv2%2Fmedia&parent=170"}],"curies":[{"name":"wp","href":"https:\/\/api.w.org\/{rel}","templated":true}]}}