{"id":116,"date":"2020-04-13T14:49:23","date_gmt":"2020-04-13T14:49:23","guid":{"rendered":"https:\/\/christianullmann.de\/?page_id=116"},"modified":"2020-04-13T15:02:16","modified_gmt":"2020-04-13T15:02:16","slug":"wuensche","status":"publish","type":"page","link":"https:\/\/christianullmann.de\/?page_id=116","title":{"rendered":"W\u00fcnsche"},"content":{"rendered":"\n<p>Man hat immer W\u00fcnsche an Dinge, die das Spiel k\u00f6nnen sollte, aber noch nicht kann. Hier k\u00f6nnte man sich zum Beispiel eine Seite mit einem Eingabeformular w\u00fcnschen. Die gibt es aber nicht. Bis dahin bitte W\u00fcnsche formlos an Christian.Ullmann@christianullmann.de schicken.<\/p>\n","protected":false},"excerpt":{"rendered":"<p>Man hat immer W\u00fcnsche an Dinge, die das Spiel k\u00f6nnen sollte, aber noch nicht kann. Hier k\u00f6nnte man sich zum Beispiel eine Seite mit einem Eingabeformular w\u00fcnschen. Die gibt es aber nicht. Bis dahin bitte W\u00fcnsche formlos an Christian.Ullmann@christianullmann.de schicken.<\/p>\n","protected":false},"author":1,"featured_media":0,"parent":109,"menu_order":200,"comment_status":"closed","ping_status":"closed","template":"","meta":[],"_links":{"self":[{"href":"https:\/\/christianullmann.de\/index.php?rest_route=\/wp\/v2\/pages\/116"}],"collection":[{"href":"https:\/\/christianullmann.de\/index.php?rest_route=\/wp\/v2\/pages"}],"about":[{"href":"https:\/\/christianullmann.de\/index.php?rest_route=\/wp\/v2\/types\/page"}],"author":[{"embeddable":true,"href":"https:\/\/christianullmann.de\/index.php?rest_route=\/wp\/v2\/users\/1"}],"replies":[{"embeddable":true,"href":"https:\/\/christianullmann.de\/index.php?rest_route=%2Fwp%2Fv2%2Fcomments&post=116"}],"version-history":[{"count":1,"href":"https:\/\/christianullmann.de\/index.php?rest_route=\/wp\/v2\/pages\/116\/revisions"}],"predecessor-version":[{"id":117,"href":"https:\/\/christianullmann.de\/index.php?rest_route=\/wp\/v2\/pages\/116\/revisions\/117"}],"up":[{"embeddable":true,"href":"https:\/\/christianullmann.de\/index.php?rest_route=\/wp\/v2\/pages\/109"}],"wp:attachment":[{"href":"https:\/\/christianullmann.de\/index.php?rest_route=%2Fwp%2Fv2%2Fmedia&parent=116"}],"curies":[{"name":"wp","href":"https:\/\/api.w.org\/{rel}","templated":true}]}}