{"id":111,"date":"2020-04-13T14:36:53","date_gmt":"2020-04-13T14:36:53","guid":{"rendered":"https:\/\/christianullmann.de\/?page_id=111"},"modified":"2020-04-13T15:06:40","modified_gmt":"2020-04-13T15:06:40","slug":"haeufig-gestellte-fragen","status":"publish","type":"page","link":"https:\/\/christianullmann.de\/?page_id=111","title":{"rendered":"H\u00e4ufig gestellte Fragen"},"content":{"rendered":"\n<p>Warum gibt es das Spiel nur auf Deutsch?<br>Es gibt im Spiel sehr viele sprachabh\u00e4ngige Texte und eine Unterst\u00fctzung von Unity f\u00fcr eine Sprachumstellung habe ich noch nicht gefunden. Solange das so ist und solange ich somit kein ad\u00e4quates System f\u00fcr eine Sprachumstellung habe wird Deutsch die einzige Sprache bleiben.<\/p>\n\n\n\n<p>Welche Plattformen gibt es?<br>Das Spiel ist zur Zeit nur als Browserspiel und nur f\u00fcr PC&#8217;s ver\u00f6ffentlicht. Eine Variante f\u00fcr Windows\/Linux-PC w\u00e4re denkbar, aber eine 2. Plattform kostet Aufwand. Deshalb: Zur Zeit nicht.<br>Mobile Ger\u00e4te: Werden aus diversen Gr\u00fcnden dauerhaft nicht unterst\u00fctzt.<\/p>\n\n\n\n<p>Warum hat das Spiel noch so viele Fehler?<br>Lange Zeit war es gar nicht m\u00f6glich, eine Browserversion des Spiels zu erstellen. Daher ist die Web-Integration des Spiels ganz neu. Auch die Szenarios sind ganz neu. Aber keine Frage: Was jetzt folgt, ist erst mal eine Stabilisierungsphase. Als erstes werde ich jetzt eine Versionsverwaltung und ein Fehlermeldesystem nachr\u00fcsten, dann k\u00f6nnen die Fehler einer nach dem anderen beseitigt werden. Du kannst das unterst\u00fctzen, indem Du Fehler meldest.<\/p>\n","protected":false},"excerpt":{"rendered":"<p>Warum gibt es das Spiel nur auf Deutsch?Es gibt im Spiel sehr viele sprachabh\u00e4ngige Texte und eine Unterst\u00fctzung von Unity f\u00fcr eine Sprachumstellung habe ich noch nicht gefunden. Solange das so ist und solange ich somit kein ad\u00e4quates System f\u00fcr eine Sprachumstellung habe wird Deutsch die einzige Sprache bleiben. Welche Plattformen gibt es?Das Spiel ist &hellip; <\/p>\n","protected":false},"author":1,"featured_media":0,"parent":109,"menu_order":100,"comment_status":"closed","ping_status":"closed","template":"","meta":[],"_links":{"self":[{"href":"https:\/\/christianullmann.de\/index.php?rest_route=\/wp\/v2\/pages\/111"}],"collection":[{"href":"https:\/\/christianullmann.de\/index.php?rest_route=\/wp\/v2\/pages"}],"about":[{"href":"https:\/\/christianullmann.de\/index.php?rest_route=\/wp\/v2\/types\/page"}],"author":[{"embeddable":true,"href":"https:\/\/christianullmann.de\/index.php?rest_route=\/wp\/v2\/users\/1"}],"replies":[{"embeddable":true,"href":"https:\/\/christianullmann.de\/index.php?rest_route=%2Fwp%2Fv2%2Fcomments&post=111"}],"version-history":[{"count":1,"href":"https:\/\/christianullmann.de\/index.php?rest_route=\/wp\/v2\/pages\/111\/revisions"}],"predecessor-version":[{"id":112,"href":"https:\/\/christianullmann.de\/index.php?rest_route=\/wp\/v2\/pages\/111\/revisions\/112"}],"up":[{"embeddable":true,"href":"https:\/\/christianullmann.de\/index.php?rest_route=\/wp\/v2\/pages\/109"}],"wp:attachment":[{"href":"https:\/\/christianullmann.de\/index.php?rest_route=%2Fwp%2Fv2%2Fmedia&parent=111"}],"curies":[{"name":"wp","href":"https:\/\/api.w.org\/{rel}","templated":true}]}}