{"id":109,"date":"2020-04-13T14:21:13","date_gmt":"2020-04-13T14:21:13","guid":{"rendered":"https:\/\/christianullmann.de\/?page_id=109"},"modified":"2020-05-02T13:08:02","modified_gmt":"2020-05-02T13:08:02","slug":"fragen-wuensche-fehler","status":"publish","type":"page","link":"https:\/\/christianullmann.de\/?page_id=109","title":{"rendered":"Fragen \/ W\u00fcnsche \/ Fehler"},"content":{"rendered":"\n<p>Ich arbeite viel an diesem Spiel, aber ich bin z.Zt. allein und kann daher nicht alles auf einmal machen. Ganz abgesehen davon ist das mein Hobby und soll mir auch Spa\u00df machen.<br><br>Aber f\u00fcr Dich gibt es:<\/p>\n\n\n\n<ul><li>Eine <a href=\"https:\/\/christianullmann.de\/?page_id=111\">Fragenseite<\/a> mit h\u00e4ufig gestellten Fragen<\/li><li>Eine <a href=\"https:\/\/christianullmann.de\/?page_id=116\">Wunschseite<\/a> f\u00fcr Erweiterungsw\u00fcnsche<\/li><li>Eine Seite zum <a href=\"https:\/\/christianullmann.de\/?page_id=113\">Fehlermelden<\/a> nach Abst\u00fcrzen oder zur Dokumentation \/ zur Homepage. Im Spiel gibt es eine Seite zum Fehlermelden, die auch Kontextinformationen mit abspeichert und daher mit Vorrang verwendet werden sollte.<\/li><li>Eine Seite mit Release-Notes<\/li><\/ul>\n","protected":false},"excerpt":{"rendered":"<p>Ich arbeite viel an diesem Spiel, aber ich bin z.Zt. allein und kann daher nicht alles auf einmal machen. Ganz abgesehen davon ist das mein Hobby und soll mir auch Spa\u00df machen. Aber f\u00fcr Dich gibt es: Eine Fragenseite mit h\u00e4ufig gestellten Fragen Eine Wunschseite f\u00fcr Erweiterungsw\u00fcnsche Eine Seite zum Fehlermelden nach Abst\u00fcrzen oder zur &hellip; <\/p>\n","protected":false},"author":1,"featured_media":0,"parent":18,"menu_order":500,"comment_status":"closed","ping_status":"closed","template":"","meta":[],"_links":{"self":[{"href":"https:\/\/christianullmann.de\/index.php?rest_route=\/wp\/v2\/pages\/109"}],"collection":[{"href":"https:\/\/christianullmann.de\/index.php?rest_route=\/wp\/v2\/pages"}],"about":[{"href":"https:\/\/christianullmann.de\/index.php?rest_route=\/wp\/v2\/types\/page"}],"author":[{"embeddable":true,"href":"https:\/\/christianullmann.de\/index.php?rest_route=\/wp\/v2\/users\/1"}],"replies":[{"embeddable":true,"href":"https:\/\/christianullmann.de\/index.php?rest_route=%2Fwp%2Fv2%2Fcomments&post=109"}],"version-history":[{"count":6,"href":"https:\/\/christianullmann.de\/index.php?rest_route=\/wp\/v2\/pages\/109\/revisions"}],"predecessor-version":[{"id":183,"href":"https:\/\/christianullmann.de\/index.php?rest_route=\/wp\/v2\/pages\/109\/revisions\/183"}],"up":[{"embeddable":true,"href":"https:\/\/christianullmann.de\/index.php?rest_route=\/wp\/v2\/pages\/18"}],"wp:attachment":[{"href":"https:\/\/christianullmann.de\/index.php?rest_route=%2Fwp%2Fv2%2Fmedia&parent=109"}],"curies":[{"name":"wp","href":"https:\/\/api.w.org\/{rel}","templated":true}]}}